{"id":453,"date":"2020-09-07T14:25:34","date_gmt":"2020-09-07T14:25:34","guid":{"rendered":"https:\/\/newworkcoworking.com\/despachos\/"},"modified":"2026-02-10T09:23:17","modified_gmt":"2026-02-10T08:23:17","slug":"despachos","status":"publish","type":"page","link":"https:\/\/newworkcoworking.com\/ca\/despachos\/","title":{"rendered":"Despatxos"},"content":{"rendered":"\r\n<p>T&#8217;oferim diferents despatxos privats, tots ells amb finestra exterior i llum natural, totalment insonoritzats, moblats amb qualitats premium que disposen d&#8217;\u00e0mplies taules de treball (140&#215;80) book propi o prestatgeria integrada, screens motoritzats i obertura mitjan\u00e7ant targeta d&#8217;acc\u00e9s. &#8216;Reserva&#8217;ls mensualment o per hores!<\/p>\r\n","protected":false},"excerpt":{"rendered":"<p>T&#8217;oferim diferents despatxos privats, tots ells amb finestra exterior i llum natural, totalment insonoritzats, moblats amb qualitats premium que disposen d&#8217;\u00e0mplies taules de treball (140&#215;80) book propi o prestatgeria integrada, screens motoritzats i obertura mitjan\u00e7ant targeta d&#8217;acc\u00e9s. &#8216;Reserva&#8217;ls mensualment o per hores!<\/p>\n","protected":false},"author":1,"featured_media":0,"parent":0,"menu_order":0,"comment_status":"closed","ping_status":"closed","template":"views\/template-offices.blade.php","meta":{"_acf_changed":false,"footnotes":""},"class_list":["post-453","page","type-page","status-publish","hentry"],"acf":[],"yoast_head":"<!-- This site is optimized with the Yoast SEO plugin v27.0 - https:\/\/yoast.com\/product\/yoast-seo-wordpress\/ -->\n<title>Lloguer de despatxos coworking Barcelona per hores | Newwork 22 @<\/title>\n<meta name=\"description\" content=\"Lloguer de despatxos privats a coworking de Barcelona amb preu mensual i per hores. Els nostres espais de treball estan al districte 22 @ Poblenou.\" \/>\n<meta name=\"robots\" content=\"index, follow, max-snippet:-1, max-image-preview:large, max-video-preview:-1\" \/>\n<link rel=\"canonical\" href=\"https:\/\/newworkcoworking.com\/ca\/despachos\/\" \/>\n<meta property=\"og:locale\" content=\"ca_ES\" \/>\n<meta property=\"og:type\" content=\"article\" \/>\n<meta property=\"og:title\" content=\"Lloguer de despatxos coworking Barcelona per hores | Newwork 22 @\" \/>\n<meta property=\"og:description\" content=\"Lloguer de despatxos privats a coworking de Barcelona amb preu mensual i per hores. Els nostres espais de treball estan al districte 22 @ Poblenou.\" \/>\n<meta property=\"og:url\" content=\"https:\/\/newworkcoworking.com\/ca\/despachos\/\" \/>\n<meta property=\"og:site_name\" content=\"22@ Business Center\" \/>\n<meta property=\"article:modified_time\" content=\"2026-02-10T08:23:17+00:00\" \/>\n<meta property=\"og:image\" content=\"https:\/\/newworkcoworking.com\/app\/uploads\/2021\/03\/logo.png\" \/>\n\t<meta property=\"og:image:width\" content=\"902\" \/>\n\t<meta property=\"og:image:height\" content=\"408\" \/>\n\t<meta property=\"og:image:type\" content=\"image\/png\" \/>\n<meta name=\"twitter:card\" content=\"summary_large_image\" \/>\n<meta name=\"twitter:label1\" content=\"Temps estimat de lectura\" \/>\n\t<meta name=\"twitter:data1\" content=\"1 minute\" \/>\n<script type=\"application\/ld+json\" class=\"yoast-schema-graph\">{\"@context\":\"https:\/\/schema.org\",\"@graph\":[{\"@type\":\"WebPage\",\"@id\":\"https:\/\/newworkcoworking.com\/ca\/despachos\/\",\"url\":\"https:\/\/newworkcoworking.com\/ca\/despachos\/\",\"name\":\"Lloguer de despatxos coworking Barcelona per hores | Newwork 22 @\",\"isPartOf\":{\"@id\":\"https:\/\/newworkcoworking.com\/#website\"},\"datePublished\":\"2020-09-07T14:25:34+00:00\",\"dateModified\":\"2026-02-10T08:23:17+00:00\",\"description\":\"Lloguer de despatxos privats a coworking de Barcelona amb preu mensual i per hores. Els nostres espais de treball estan al districte 22 @ Poblenou.\",\"breadcrumb\":{\"@id\":\"https:\/\/newworkcoworking.com\/ca\/despachos\/#breadcrumb\"},\"inLanguage\":\"ca\",\"potentialAction\":[{\"@type\":\"ReadAction\",\"target\":[\"https:\/\/newworkcoworking.com\/ca\/despachos\/\"]}]},{\"@type\":\"BreadcrumbList\",\"@id\":\"https:\/\/newworkcoworking.com\/ca\/despachos\/#breadcrumb\",\"itemListElement\":[{\"@type\":\"ListItem\",\"position\":1,\"name\":\"Inicio\",\"item\":\"https:\/\/newworkcoworking.com\/ca\/\"},{\"@type\":\"ListItem\",\"position\":2,\"name\":\"Despatxos\"}]},{\"@type\":\"WebSite\",\"@id\":\"https:\/\/newworkcoworking.com\/#website\",\"url\":\"https:\/\/newworkcoworking.com\/\",\"name\":\"22@ Business Center\",\"description\":\"Despachos y Coworking en Barcelona\",\"potentialAction\":[{\"@type\":\"SearchAction\",\"target\":{\"@type\":\"EntryPoint\",\"urlTemplate\":\"https:\/\/newworkcoworking.com\/?s={search_term_string}\"},\"query-input\":{\"@type\":\"PropertyValueSpecification\",\"valueRequired\":true,\"valueName\":\"search_term_string\"}}],\"inLanguage\":\"ca\"}]}<\/script>\n<!-- \/ Yoast SEO plugin. -->","yoast_head_json":{"title":"Lloguer de despatxos coworking Barcelona per hores | Newwork 22 @","description":"Lloguer de despatxos privats a coworking de Barcelona amb preu mensual i per hores. Els nostres espais de treball estan al districte 22 @ Poblenou.","robots":{"index":"index","follow":"follow","max-snippet":"max-snippet:-1","max-image-preview":"max-image-preview:large","max-video-preview":"max-video-preview:-1"},"canonical":"https:\/\/newworkcoworking.com\/ca\/despachos\/","og_locale":"ca_ES","og_type":"article","og_title":"Lloguer de despatxos coworking Barcelona per hores | Newwork 22 @","og_description":"Lloguer de despatxos privats a coworking de Barcelona amb preu mensual i per hores. Els nostres espais de treball estan al districte 22 @ Poblenou.","og_url":"https:\/\/newworkcoworking.com\/ca\/despachos\/","og_site_name":"22@ Business Center","article_modified_time":"2026-02-10T08:23:17+00:00","og_image":[{"width":902,"height":408,"url":"https:\/\/newworkcoworking.com\/app\/uploads\/2021\/03\/logo.png","type":"image\/png"}],"twitter_card":"summary_large_image","twitter_misc":{"Temps estimat de lectura":"1 minute"},"schema":{"@context":"https:\/\/schema.org","@graph":[{"@type":"WebPage","@id":"https:\/\/newworkcoworking.com\/ca\/despachos\/","url":"https:\/\/newworkcoworking.com\/ca\/despachos\/","name":"Lloguer de despatxos coworking Barcelona per hores | Newwork 22 @","isPartOf":{"@id":"https:\/\/newworkcoworking.com\/#website"},"datePublished":"2020-09-07T14:25:34+00:00","dateModified":"2026-02-10T08:23:17+00:00","description":"Lloguer de despatxos privats a coworking de Barcelona amb preu mensual i per hores. Els nostres espais de treball estan al districte 22 @ Poblenou.","breadcrumb":{"@id":"https:\/\/newworkcoworking.com\/ca\/despachos\/#breadcrumb"},"inLanguage":"ca","potentialAction":[{"@type":"ReadAction","target":["https:\/\/newworkcoworking.com\/ca\/despachos\/"]}]},{"@type":"BreadcrumbList","@id":"https:\/\/newworkcoworking.com\/ca\/despachos\/#breadcrumb","itemListElement":[{"@type":"ListItem","position":1,"name":"Inicio","item":"https:\/\/newworkcoworking.com\/ca\/"},{"@type":"ListItem","position":2,"name":"Despatxos"}]},{"@type":"WebSite","@id":"https:\/\/newworkcoworking.com\/#website","url":"https:\/\/newworkcoworking.com\/","name":"22@ Business Center","description":"Despachos y Coworking en Barcelona","potentialAction":[{"@type":"SearchAction","target":{"@type":"EntryPoint","urlTemplate":"https:\/\/newworkcoworking.com\/?s={search_term_string}"},"query-input":{"@type":"PropertyValueSpecification","valueRequired":true,"valueName":"search_term_string"}}],"inLanguage":"ca"}]}},"_links":{"self":[{"href":"https:\/\/newworkcoworking.com\/ca\/wp-json\/wp\/v2\/pages\/453","targetHints":{"allow":["GET"]}}],"collection":[{"href":"https:\/\/newworkcoworking.com\/ca\/wp-json\/wp\/v2\/pages"}],"about":[{"href":"https:\/\/newworkcoworking.com\/ca\/wp-json\/wp\/v2\/types\/page"}],"author":[{"embeddable":true,"href":"https:\/\/newworkcoworking.com\/ca\/wp-json\/wp\/v2\/users\/1"}],"replies":[{"embeddable":true,"href":"https:\/\/newworkcoworking.com\/ca\/wp-json\/wp\/v2\/comments?post=453"}],"version-history":[{"count":0,"href":"https:\/\/newworkcoworking.com\/ca\/wp-json\/wp\/v2\/pages\/453\/revisions"}],"wp:attachment":[{"href":"https:\/\/newworkcoworking.com\/ca\/wp-json\/wp\/v2\/media?parent=453"}],"curies":[{"name":"wp","href":"https:\/\/api.w.org\/{rel}","templated":true}]}}